{"id":6,"date":"2026-03-31T00:02:22","date_gmt":"2026-03-31T03:02:22","guid":{"rendered":"https:\/\/gsformula.com.br\/blog\/?page_id=6"},"modified":"2026-03-31T00:02:22","modified_gmt":"2026-03-31T03:02:22","slug":"pagina-inicial","status":"publish","type":"page","link":"https:\/\/gsformula.com.br\/blog\/","title":{"rendered":"P\u00e1gina inicial"},"content":{"rendered":"\n<p>Boas-vindas ao seu site! Esta \u00e9 sua p\u00e1gina inicial, que \u00e9 a p\u00e1gina que a maioria dos visitantes vai ver ao acessar o seu site pela primeira vez.<\/p>\n","protected":false},"excerpt":{"rendered":"<p>Boas-vindas ao seu site! Esta \u00e9 sua p\u00e1gina inicial, que \u00e9 a p\u00e1gina que a maioria dos visitantes vai ver ao acessar o seu site pela primeira vez.<\/p>\n","protected":false},"author":1,"featured_media":0,"parent":0,"menu_order":0,"comment_status":"closed","ping_status":"closed","template":"","meta":{"footnotes":""},"class_list":["post-6","page","type-page","status-publish","hentry"],"_links":{"self":[{"href":"https:\/\/gsformula.com.br\/blog\/index.php\/wp-json\/wp\/v2\/pages\/6","targetHints":{"allow":["GET"]}}],"collection":[{"href":"https:\/\/gsformula.com.br\/blog\/index.php\/wp-json\/wp\/v2\/pages"}],"about":[{"href":"https:\/\/gsformula.com.br\/blog\/index.php\/wp-json\/wp\/v2\/types\/page"}],"author":[{"embeddable":true,"href":"https:\/\/gsformula.com.br\/blog\/index.php\/wp-json\/wp\/v2\/users\/1"}],"replies":[{"embeddable":true,"href":"https:\/\/gsformula.com.br\/blog\/index.php\/wp-json\/wp\/v2\/comments?post=6"}],"version-history":[{"count":1,"href":"https:\/\/gsformula.com.br\/blog\/index.php\/wp-json\/wp\/v2\/pages\/6\/revisions"}],"predecessor-version":[{"id":9,"href":"https:\/\/gsformula.com.br\/blog\/index.php\/wp-json\/wp\/v2\/pages\/6\/revisions\/9"}],"wp:attachment":[{"href":"https:\/\/gsformula.com.br\/blog\/index.php\/wp-json\/wp\/v2\/media?parent=6"}],"curies":[{"name":"wp","href":"https:\/\/api.w.org\/{rel}","templated":true}]}}